{"id":590,"date":"2019-04-15T07:47:50","date_gmt":"2019-04-15T07:47:50","guid":{"rendered":"http:\/\/www.vtmoodul.ee\/?page_id=590\/"},"modified":"2019-04-15T10:58:54","modified_gmt":"2019-04-15T10:58:54","slug":"evastepolitiikka","status":"publish","type":"page","link":"https:\/\/vtmoodul.ee\/fi\/evastepolitiikka\/","title":{"rendered":"EV\u00c4STEPOLITIIKKA"},"content":{"rendered":"<p>&nbsp;<\/p>\n<ol>\n<li>MIT\u00c4 OVAT EV\u00c4STEET?<\/li>\n<\/ol>\n<p>Ev\u00e4steet ovat pieni\u00e4 tiedostoja, jotka tallentuvat p\u00e4\u00e4tteesi tai laitteesi muistiin kun k\u00e4yt jollain sivustolla. T\u00e4m\u00e4 mahdollistaa muistaa toimintojasi ja kiinnostuksenkohteitasi (esimerkiksi sis\u00e4\u00e4n kirjautuminen, kielivalinta, asetukset yms.), eik\u00e4 sinun tarvitse m\u00e4\u00e4ritt\u00e4\u00e4 niit\u00e4 aina uudestaan sivustolla k\u00e4yt\u00e4ess\u00e4 tai sivuja selattaessa.<\/p>\n<p>1.1. TEKNISESTI V\u00c4LTT\u00c4M\u00c4TT\u00d6M\u00c4T EV\u00c4STEET<\/p>\n<p>N\u00e4m\u00e4 ev\u00e4steet ovat v\u00e4ltt\u00e4m\u00e4tt\u00f6mi\u00e4, sill\u00e4 ne takaavat sivuston perustoimintojen toimimisen. Ilman n\u00e4it\u00e4 ev\u00e4steit\u00e4 sivun olennaiset osat eiv\u00e4t ole k\u00e4ytett\u00e4viss\u00e4.<\/p>\n<p>1.2. TOIMINNALLISET EV\u00c4STEET<\/p>\n<p>N\u00e4it\u00e4 ev\u00e4steit\u00e4 k\u00e4ytet\u00e4\u00e4n lis\u00e4- tai erikoistoimintojen tarjoamiseen, ne mahdollistavat my\u00f6s sivuston muokkaamisen.<\/p>\n<p>1.3. ANALYTIIKKAEV\u00c4STEET<\/p>\n<p>N\u00e4iden ev\u00e4steiden avulla ker\u00e4t\u00e4\u00e4n luotettavaa tietoa sivuston k\u00e4ytt\u00e4jist\u00e4 ja k\u00e4yt\u00f6st\u00e4. Ne mahdollistavat sivuston toimintojen mittaamisen ja parantamisen. Tietoja ker\u00e4t\u00e4\u00e4n muodossa, joka ei suoraan viittaa henkil\u00f6\u00f6n.<\/p>\n<p>1.4. MAINOS- TAI MARKKINOINTIEV\u00c4STEET<\/p>\n<p>N\u00e4iden ev\u00e4steiden avulla sivuston k\u00e4ytt\u00e4j\u00e4lle n\u00e4ytet\u00e4\u00e4n sopivia ja h\u00e4nen kiinnostustensa mukaisia mainoksia. Ne mahdollistavat my\u00f6s mainoskampanjoiden tehokkuuden mittaamisen. N\u00e4m\u00e4 ev\u00e4steet mahdollistavat my\u00f6s profiilisi laatimisen ja sinulle muokattujen mainosten n\u00e4ytt\u00e4misen my\u00f6s muilla vierailemillasi verkkosivustoilla. Tietoja ker\u00e4t\u00e4\u00e4n muodossa, joka ei suoraan viittaa henkil\u00f6\u00f6n.<\/p>\n<ol start=\"2\">\n<li>EV\u00c4STEIDEN HALLINTA<\/li>\n<\/ol>\n<p>Voit torjua ev\u00e4steet aktivoimalla selaimessasi asetukset, joilla voit kielt\u00e4yty\u00e4 hyv\u00e4ksym\u00e4st\u00e4 kaikki ev\u00e4steet tai osan niist\u00e4.\u00a0 Jos k\u00e4yt\u00e4t selaintasi asetuksia kaikkien ev\u00e4steiden (mm. teknisesti v\u00e4ltt\u00e4m\u00e4tt\u00f6mien ja toiminnallisten ev\u00e4steiden) torjumiseen, saatat menett\u00e4\u00e4 kokonaan tai osittain p\u00e4\u00e4syn sivustollemme tai sen toimintoihin.<\/p>\n<p>Saadaksesi lis\u00e4tietoja ev\u00e4steist\u00e4 ja siit\u00e4, miten niit\u00e4 voidaan hallita tai k\u00e4ytt\u00e4\u00e4, katso www.allaboutcookies.org, www.youronlinechoices.com ja verkkoselaimesi \u201dApu\u201d -palstaa.<\/p>\n<ol start=\"3\">\n<li>MUUTOKSET EV\u00c4STEPOLITIIKASSA<\/li>\n<\/ol>\n<p>Varaamme oikeuden t\u00e4m\u00e4n ev\u00e4stepolitiikan muutoksiin milloin tahansa. Muutettu ev\u00e4stepolitiikka julkaistaan verkkosivustollamme ja tarvittaessa ilmoitamme muutoksista my\u00f6s verkkosivustollamme korostetun ilmoituksen kautta.<\/p>\n<p>&nbsp;<\/p>\n","protected":false},"excerpt":{"rendered":"<p>&nbsp; MIT\u00c4 OVAT EV\u00c4STEET? Ev\u00e4steet ovat pieni\u00e4 tiedostoja, jotka tallentuvat p\u00e4\u00e4tteesi tai laitteesi muistiin kun k\u00e4yt jollain sivustolla. T\u00e4m\u00e4 mahdollistaa muistaa toimintojasi ja kiinnostuksenkohteitasi (esimerkiksi sis\u00e4\u00e4n kirjautuminen, kielivalinta, asetukset yms.), eik\u00e4 sinun tarvitse m\u00e4\u00e4ritt\u00e4\u00e4 niit\u00e4 aina uudestaan sivustolla k\u00e4yt\u00e4ess\u00e4 tai sivuja selattaessa. 1.1. TEKNISESTI V\u00c4LTT\u00c4M\u00c4TT\u00d6M\u00c4T EV\u00c4STEET N\u00e4m\u00e4 ev\u00e4steet ovat v\u00e4ltt\u00e4m\u00e4tt\u00f6mi\u00e4, sill\u00e4 ne takaavat sivuston perustoimintojen [&hellip;]<\/p>\n","protected":false},"author":5,"featured_media":0,"parent":0,"menu_order":0,"comment_status":"closed","ping_status":"closed","template":"","meta":{"footnotes":""},"class_list":["post-590","page","type-page","status-publish","hentry"],"yoast_head":"<!-- This site is optimized with the Yoast SEO plugin v23.5 - https:\/\/yoast.com\/wordpress\/plugins\/seo\/ -->\n<title>EV\u00c4STEPOLITIIKKA - VT Moodulid<\/title>\n<meta name=\"robots\" content=\"index, follow, max-snippet:-1, max-image-preview:large, max-video-preview:-1\" \/>\n<link rel=\"canonical\" href=\"https:\/\/www.vtmoodul.ee\/fi\/evastepolitiikka\/\" \/>\n<meta property=\"og:locale\" content=\"fi_FI\" \/>\n<meta property=\"og:type\" content=\"article\" \/>\n<meta property=\"og:title\" content=\"EV\u00c4STEPOLITIIKKA - VT Moodulid\" \/>\n<meta property=\"og:description\" content=\"&nbsp; MIT\u00c4 OVAT EV\u00c4STEET? Ev\u00e4steet ovat pieni\u00e4 tiedostoja, jotka tallentuvat p\u00e4\u00e4tteesi tai laitteesi muistiin kun k\u00e4yt jollain sivustolla. T\u00e4m\u00e4 mahdollistaa muistaa toimintojasi ja kiinnostuksenkohteitasi (esimerkiksi sis\u00e4\u00e4n kirjautuminen, kielivalinta, asetukset yms.), eik\u00e4 sinun tarvitse m\u00e4\u00e4ritt\u00e4\u00e4 niit\u00e4 aina uudestaan sivustolla k\u00e4yt\u00e4ess\u00e4 tai sivuja selattaessa. 1.1. TEKNISESTI V\u00c4LTT\u00c4M\u00c4TT\u00d6M\u00c4T EV\u00c4STEET N\u00e4m\u00e4 ev\u00e4steet ovat v\u00e4ltt\u00e4m\u00e4tt\u00f6mi\u00e4, sill\u00e4 ne takaavat sivuston perustoimintojen [&hellip;]\" \/>\n<meta property=\"og:url\" content=\"https:\/\/www.vtmoodul.ee\/fi\/evastepolitiikka\/\" \/>\n<meta property=\"og:site_name\" content=\"VT Moodulid\" \/>\n<meta property=\"article:modified_time\" content=\"2019-04-15T10:58:54+00:00\" \/>\n<meta name=\"twitter:card\" content=\"summary_large_image\" \/>\n<meta name=\"twitter:label1\" content=\"Est. reading time\" \/>\n\t<meta name=\"twitter:data1\" content=\"2 minutes\" \/>\n<script type=\"application\/ld+json\" class=\"yoast-schema-graph\">{\"@context\":\"https:\/\/schema.org\",\"@graph\":[{\"@type\":\"WebPage\",\"@id\":\"https:\/\/www.vtmoodul.ee\/fi\/evastepolitiikka\/\",\"url\":\"https:\/\/www.vtmoodul.ee\/fi\/evastepolitiikka\/\",\"name\":\"EV\u00c4STEPOLITIIKKA - VT Moodulid\",\"isPartOf\":{\"@id\":\"https:\/\/vtmoodul.ee\/#website\"},\"datePublished\":\"2019-04-15T07:47:50+00:00\",\"dateModified\":\"2019-04-15T10:58:54+00:00\",\"breadcrumb\":{\"@id\":\"https:\/\/www.vtmoodul.ee\/fi\/evastepolitiikka\/#breadcrumb\"},\"inLanguage\":\"fi-FI\",\"potentialAction\":[{\"@type\":\"ReadAction\",\"target\":[\"https:\/\/www.vtmoodul.ee\/fi\/evastepolitiikka\/\"]}]},{\"@type\":\"BreadcrumbList\",\"@id\":\"https:\/\/www.vtmoodul.ee\/fi\/evastepolitiikka\/#breadcrumb\",\"itemListElement\":[{\"@type\":\"ListItem\",\"position\":1,\"name\":\"Home\",\"item\":\"https:\/\/www.vtmoodul.ee\/fi\/\"},{\"@type\":\"ListItem\",\"position\":2,\"name\":\"EV\u00c4STEPOLITIIKKA\"}]},{\"@type\":\"WebSite\",\"@id\":\"https:\/\/vtmoodul.ee\/#website\",\"url\":\"https:\/\/vtmoodul.ee\/\",\"name\":\"VT Moodulid\",\"description\":\"Modular buildings from design to installation\",\"potentialAction\":[{\"@type\":\"SearchAction\",\"target\":{\"@type\":\"EntryPoint\",\"urlTemplate\":\"https:\/\/vtmoodul.ee\/?s={search_term_string}\"},\"query-input\":{\"@type\":\"PropertyValueSpecification\",\"valueRequired\":true,\"valueName\":\"search_term_string\"}}],\"inLanguage\":\"fi-FI\"}]}<\/script>\n<!-- \/ Yoast SEO plugin. -->","yoast_head_json":{"title":"EV\u00c4STEPOLITIIKKA - VT Moodulid","robots":{"index":"index","follow":"follow","max-snippet":"max-snippet:-1","max-image-preview":"max-image-preview:large","max-video-preview":"max-video-preview:-1"},"canonical":"https:\/\/www.vtmoodul.ee\/fi\/evastepolitiikka\/","og_locale":"fi_FI","og_type":"article","og_title":"EV\u00c4STEPOLITIIKKA - VT Moodulid","og_description":"&nbsp; MIT\u00c4 OVAT EV\u00c4STEET? Ev\u00e4steet ovat pieni\u00e4 tiedostoja, jotka tallentuvat p\u00e4\u00e4tteesi tai laitteesi muistiin kun k\u00e4yt jollain sivustolla. T\u00e4m\u00e4 mahdollistaa muistaa toimintojasi ja kiinnostuksenkohteitasi (esimerkiksi sis\u00e4\u00e4n kirjautuminen, kielivalinta, asetukset yms.), eik\u00e4 sinun tarvitse m\u00e4\u00e4ritt\u00e4\u00e4 niit\u00e4 aina uudestaan sivustolla k\u00e4yt\u00e4ess\u00e4 tai sivuja selattaessa. 1.1. TEKNISESTI V\u00c4LTT\u00c4M\u00c4TT\u00d6M\u00c4T EV\u00c4STEET N\u00e4m\u00e4 ev\u00e4steet ovat v\u00e4ltt\u00e4m\u00e4tt\u00f6mi\u00e4, sill\u00e4 ne takaavat sivuston perustoimintojen [&hellip;]","og_url":"https:\/\/www.vtmoodul.ee\/fi\/evastepolitiikka\/","og_site_name":"VT Moodulid","article_modified_time":"2019-04-15T10:58:54+00:00","twitter_card":"summary_large_image","twitter_misc":{"Est. reading time":"2 minutes"},"schema":{"@context":"https:\/\/schema.org","@graph":[{"@type":"WebPage","@id":"https:\/\/www.vtmoodul.ee\/fi\/evastepolitiikka\/","url":"https:\/\/www.vtmoodul.ee\/fi\/evastepolitiikka\/","name":"EV\u00c4STEPOLITIIKKA - VT Moodulid","isPartOf":{"@id":"https:\/\/vtmoodul.ee\/#website"},"datePublished":"2019-04-15T07:47:50+00:00","dateModified":"2019-04-15T10:58:54+00:00","breadcrumb":{"@id":"https:\/\/www.vtmoodul.ee\/fi\/evastepolitiikka\/#breadcrumb"},"inLanguage":"fi-FI","potentialAction":[{"@type":"ReadAction","target":["https:\/\/www.vtmoodul.ee\/fi\/evastepolitiikka\/"]}]},{"@type":"BreadcrumbList","@id":"https:\/\/www.vtmoodul.ee\/fi\/evastepolitiikka\/#breadcrumb","itemListElement":[{"@type":"ListItem","position":1,"name":"Home","item":"https:\/\/www.vtmoodul.ee\/fi\/"},{"@type":"ListItem","position":2,"name":"EV\u00c4STEPOLITIIKKA"}]},{"@type":"WebSite","@id":"https:\/\/vtmoodul.ee\/#website","url":"https:\/\/vtmoodul.ee\/","name":"VT Moodulid","description":"Modular buildings from design to installation","potentialAction":[{"@type":"SearchAction","target":{"@type":"EntryPoint","urlTemplate":"https:\/\/vtmoodul.ee\/?s={search_term_string}"},"query-input":{"@type":"PropertyValueSpecification","valueRequired":true,"valueName":"search_term_string"}}],"inLanguage":"fi-FI"}]}},"_links":{"self":[{"href":"https:\/\/vtmoodul.ee\/fi\/wp-json\/wp\/v2\/pages\/590"}],"collection":[{"href":"https:\/\/vtmoodul.ee\/fi\/wp-json\/wp\/v2\/pages"}],"about":[{"href":"https:\/\/vtmoodul.ee\/fi\/wp-json\/wp\/v2\/types\/page"}],"author":[{"embeddable":true,"href":"https:\/\/vtmoodul.ee\/fi\/wp-json\/wp\/v2\/users\/5"}],"replies":[{"embeddable":true,"href":"https:\/\/vtmoodul.ee\/fi\/wp-json\/wp\/v2\/comments?post=590"}],"version-history":[{"count":1,"href":"https:\/\/vtmoodul.ee\/fi\/wp-json\/wp\/v2\/pages\/590\/revisions"}],"predecessor-version":[{"id":591,"href":"https:\/\/vtmoodul.ee\/fi\/wp-json\/wp\/v2\/pages\/590\/revisions\/591"}],"wp:attachment":[{"href":"https:\/\/vtmoodul.ee\/fi\/wp-json\/wp\/v2\/media?parent=590"}],"curies":[{"name":"wp","href":"https:\/\/api.w.org\/{rel}","templated":true}]}}