{"id":476,"date":"2017-02-23T11:08:58","date_gmt":"2017-02-23T11:08:58","guid":{"rendered":"http:\/\/vtmoodul.eeid\/metallitood\/"},"modified":"2024-09-27T07:41:22","modified_gmt":"2024-09-27T07:41:22","slug":"metallbearbetning","status":"publish","type":"page","link":"https:\/\/vtmoodul.ee\/sv\/metallbearbetning\/","title":{"rendered":"Metallbearbetning"},"content":{"rendered":"","protected":false},"excerpt":{"rendered":"","protected":false},"author":5,"featured_media":0,"parent":0,"menu_order":0,"comment_status":"closed","ping_status":"closed","template":"custom-templates\/metal-works.php","meta":{"footnotes":""},"class_list":["post-476","page","type-page","status-publish","hentry"],"yoast_head":"<!-- This site is optimized with the Yoast SEO plugin v23.5 - https:\/\/yoast.com\/wordpress\/plugins\/seo\/ -->\n<title>Metallbearbetning och maskinteknik - VT Moodul<\/title>\n<meta name=\"description\" content=\"F\u00f6rutom kvalitet, flexibla villkor och innovativa l\u00f6sningar anser vi \u00e4ven att v\u00e5r snabba leverans fr\u00e5n utformning till installation \u00e4r en av v\u00e5ra f\u00f6rdelar.\" \/>\n<meta name=\"robots\" content=\"index, follow, max-snippet:-1, max-image-preview:large, max-video-preview:-1\" \/>\n<link rel=\"canonical\" href=\"https:\/\/vtmoodul.ee\/sv\/metallbearbetning\/\" \/>\n<meta property=\"og:locale\" content=\"sv_SE\" \/>\n<meta property=\"og:type\" content=\"article\" \/>\n<meta property=\"og:title\" content=\"Metallbearbetning och maskinteknik - VT Moodul\" \/>\n<meta property=\"og:description\" content=\"F\u00f6rutom kvalitet, flexibla villkor och innovativa l\u00f6sningar anser vi \u00e4ven att v\u00e5r snabba leverans fr\u00e5n utformning till installation \u00e4r en av v\u00e5ra f\u00f6rdelar.\" \/>\n<meta property=\"og:url\" content=\"https:\/\/vtmoodul.ee\/sv\/metallbearbetning\/\" \/>\n<meta property=\"og:site_name\" content=\"VT Moodulid\" \/>\n<meta property=\"article:modified_time\" content=\"2024-09-27T07:41:22+00:00\" \/>\n<meta property=\"og:image\" content=\"http:\/\/vtmoodul.ee\/static\/2017\/02\/vtmoodul.jpg\" \/>\n<meta name=\"twitter:card\" content=\"summary_large_image\" \/>\n<script type=\"application\/ld+json\" class=\"yoast-schema-graph\">{\"@context\":\"https:\/\/schema.org\",\"@graph\":[{\"@type\":\"WebPage\",\"@id\":\"https:\/\/vtmoodul.ee\/sv\/metallbearbetning\/\",\"url\":\"https:\/\/vtmoodul.ee\/sv\/metallbearbetning\/\",\"name\":\"Metallbearbetning och maskinteknik - VT Moodul\",\"isPartOf\":{\"@id\":\"https:\/\/vtmoodul.ee\/#website\"},\"datePublished\":\"2017-02-23T11:08:58+00:00\",\"dateModified\":\"2024-09-27T07:41:22+00:00\",\"description\":\"F\u00f6rutom kvalitet, flexibla villkor och innovativa l\u00f6sningar anser vi \u00e4ven att v\u00e5r snabba leverans fr\u00e5n utformning till installation \u00e4r en av v\u00e5ra f\u00f6rdelar.\",\"breadcrumb\":{\"@id\":\"https:\/\/vtmoodul.ee\/sv\/metallbearbetning\/#breadcrumb\"},\"inLanguage\":\"sv-SE\",\"potentialAction\":[{\"@type\":\"ReadAction\",\"target\":[\"https:\/\/vtmoodul.ee\/sv\/metallbearbetning\/\"]}]},{\"@type\":\"BreadcrumbList\",\"@id\":\"https:\/\/vtmoodul.ee\/sv\/metallbearbetning\/#breadcrumb\",\"itemListElement\":[{\"@type\":\"ListItem\",\"position\":1,\"name\":\"Home\",\"item\":\"https:\/\/vtmoodul.ee\/sv\/\"},{\"@type\":\"ListItem\",\"position\":2,\"name\":\"Metallbearbetning\"}]},{\"@type\":\"WebSite\",\"@id\":\"https:\/\/vtmoodul.ee\/#website\",\"url\":\"https:\/\/vtmoodul.ee\/\",\"name\":\"VT Moodulid\",\"description\":\"Modular buildings from design to installation\",\"potentialAction\":[{\"@type\":\"SearchAction\",\"target\":{\"@type\":\"EntryPoint\",\"urlTemplate\":\"https:\/\/vtmoodul.ee\/?s={search_term_string}\"},\"query-input\":{\"@type\":\"PropertyValueSpecification\",\"valueRequired\":true,\"valueName\":\"search_term_string\"}}],\"inLanguage\":\"sv-SE\"}]}<\/script>\n<!-- \/ Yoast SEO plugin. -->","yoast_head_json":{"title":"Metallbearbetning och maskinteknik - VT Moodul","description":"F\u00f6rutom kvalitet, flexibla villkor och innovativa l\u00f6sningar anser vi \u00e4ven att v\u00e5r snabba leverans fr\u00e5n utformning till installation \u00e4r en av v\u00e5ra f\u00f6rdelar.","robots":{"index":"index","follow":"follow","max-snippet":"max-snippet:-1","max-image-preview":"max-image-preview:large","max-video-preview":"max-video-preview:-1"},"canonical":"https:\/\/vtmoodul.ee\/sv\/metallbearbetning\/","og_locale":"sv_SE","og_type":"article","og_title":"Metallbearbetning och maskinteknik - VT Moodul","og_description":"F\u00f6rutom kvalitet, flexibla villkor och innovativa l\u00f6sningar anser vi \u00e4ven att v\u00e5r snabba leverans fr\u00e5n utformning till installation \u00e4r en av v\u00e5ra f\u00f6rdelar.","og_url":"https:\/\/vtmoodul.ee\/sv\/metallbearbetning\/","og_site_name":"VT Moodulid","article_modified_time":"2024-09-27T07:41:22+00:00","og_image":[{"url":"http:\/\/vtmoodul.ee\/static\/2017\/02\/vtmoodul.jpg"}],"twitter_card":"summary_large_image","schema":{"@context":"https:\/\/schema.org","@graph":[{"@type":"WebPage","@id":"https:\/\/vtmoodul.ee\/sv\/metallbearbetning\/","url":"https:\/\/vtmoodul.ee\/sv\/metallbearbetning\/","name":"Metallbearbetning och maskinteknik - VT Moodul","isPartOf":{"@id":"https:\/\/vtmoodul.ee\/#website"},"datePublished":"2017-02-23T11:08:58+00:00","dateModified":"2024-09-27T07:41:22+00:00","description":"F\u00f6rutom kvalitet, flexibla villkor och innovativa l\u00f6sningar anser vi \u00e4ven att v\u00e5r snabba leverans fr\u00e5n utformning till installation \u00e4r en av v\u00e5ra f\u00f6rdelar.","breadcrumb":{"@id":"https:\/\/vtmoodul.ee\/sv\/metallbearbetning\/#breadcrumb"},"inLanguage":"sv-SE","potentialAction":[{"@type":"ReadAction","target":["https:\/\/vtmoodul.ee\/sv\/metallbearbetning\/"]}]},{"@type":"BreadcrumbList","@id":"https:\/\/vtmoodul.ee\/sv\/metallbearbetning\/#breadcrumb","itemListElement":[{"@type":"ListItem","position":1,"name":"Home","item":"https:\/\/vtmoodul.ee\/sv\/"},{"@type":"ListItem","position":2,"name":"Metallbearbetning"}]},{"@type":"WebSite","@id":"https:\/\/vtmoodul.ee\/#website","url":"https:\/\/vtmoodul.ee\/","name":"VT Moodulid","description":"Modular buildings from design to installation","potentialAction":[{"@type":"SearchAction","target":{"@type":"EntryPoint","urlTemplate":"https:\/\/vtmoodul.ee\/?s={search_term_string}"},"query-input":{"@type":"PropertyValueSpecification","valueRequired":true,"valueName":"search_term_string"}}],"inLanguage":"sv-SE"}]}},"_links":{"self":[{"href":"https:\/\/vtmoodul.ee\/sv\/wp-json\/wp\/v2\/pages\/476"}],"collection":[{"href":"https:\/\/vtmoodul.ee\/sv\/wp-json\/wp\/v2\/pages"}],"about":[{"href":"https:\/\/vtmoodul.ee\/sv\/wp-json\/wp\/v2\/types\/page"}],"author":[{"embeddable":true,"href":"https:\/\/vtmoodul.ee\/sv\/wp-json\/wp\/v2\/users\/5"}],"replies":[{"embeddable":true,"href":"https:\/\/vtmoodul.ee\/sv\/wp-json\/wp\/v2\/comments?post=476"}],"version-history":[{"count":11,"href":"https:\/\/vtmoodul.ee\/sv\/wp-json\/wp\/v2\/pages\/476\/revisions"}],"predecessor-version":[{"id":1079,"href":"https:\/\/vtmoodul.ee\/sv\/wp-json\/wp\/v2\/pages\/476\/revisions\/1079"}],"wp:attachment":[{"href":"https:\/\/vtmoodul.ee\/sv\/wp-json\/wp\/v2\/media?parent=476"}],"curies":[{"name":"wp","href":"https:\/\/api.w.org\/{rel}","templated":true}]}}